{"id":234,"date":"2016-06-17T10:33:14","date_gmt":"2016-06-17T10:33:14","guid":{"rendered":"http:\/\/micro-master.it\/en\/privacy-policy-note-legali\/"},"modified":"2024-10-22T15:42:11","modified_gmt":"2024-10-22T13:42:11","slug":"privacy-policy-note-legali","status":"publish","type":"page","link":"https:\/\/micro-master.it\/en\/privacy-policy-note-legali\/","title":{"rendered":"Privacy Policy &#8211; Note Legali"},"content":{"rendered":"\n<style type=\"text\/css\" data-created_by=\"avia_inline_auto\" id=\"style-css-av-b0px-ed589bd21db84577012690cb932d4de2\">\n.avia-section.av-b0px-ed589bd21db84577012690cb932d4de2{\nbackground-repeat:no-repeat;\nbackground-image:url(https:\/\/micro-master.it\/wp-content\/uploads\/2016\/06\/header2.png);\nbackground-position:0% 0%;\nbackground-attachment:scroll;\n}\n<\/style>\n<div id='av_section_1'  class='avia-section av-b0px-ed589bd21db84577012690cb932d4de2 main_color avia-section-no-padding avia-no-shadow  avia-builder-el-0  el_before_av_textblock  avia-builder-el-first  av-desktop-hide av-medium-hide av-small-hide av-mini-hide avia-bg-style-scroll av-minimum-height av-minimum-height-custom av-height-custom  container_wrap sidebar_left'  data-section-bg-repeat='no-repeat' data-av_minimum_height_px='316'><div class='container av-section-cont-open' style='height:316px'><main  role=\"main\" itemprop=\"mainContentOfPage\"  class='template-page content  av-content-small units'><div class='post-entry post-entry-type-page post-entry-234'><div class='entry-content-wrapper clearfix'><\/div><\/div><\/main><!-- close content main element --><\/div><\/div><div id='after_section_1'  class='main_color av_default_container_wrap container_wrap sidebar_left'  ><div class='container av-section-cont-open' ><div class='template-page content  av-content-small units'><div class='post-entry post-entry-type-page post-entry-234'><div class='entry-content-wrapper clearfix'>\n<section  class='av_textblock_section av-szd2l-f9717f2dd7516a8fe1e1b7c6cb10d411 '   itemscope=\"itemscope\" itemtype=\"https:\/\/schema.org\/CreativeWork\" ><div class='avia_textblock relative'  itemprop=\"text\" ><div class=\"bottoneoro\" style=\"text-align: center;\"><a href=\"https:\/\/micro-master.it\/en\/contacts\/\">Desidero essere contattato<br \/>\nda <strong>Micro Master<\/strong><\/a><\/div>\n<\/div><\/section>\n\n<style type=\"text\/css\" data-created_by=\"avia_inline_auto\" id=\"style-css-av-j2zlh-76a62d7653bc5832443b2d9b4b683dbd\">\n.flex_column.av-j2zlh-76a62d7653bc5832443b2d9b4b683dbd{\nborder-radius:0px 0px 0px 0px;\npadding:0px 0px 0px 0px;\n}\n<\/style>\n<div  class='flex_column av-j2zlh-76a62d7653bc5832443b2d9b4b683dbd av_one_full  avia-builder-el-2  el_after_av_textblock  avia-builder-el-last  first flex_column_div av-zero-column-padding  column-top-margin'     ><p>\n<style type=\"text\/css\" data-created_by=\"avia_inline_auto\" id=\"style-css-av-1e77p-110d37a93a980e0090c388c801859a4d\">\n#top .av-special-heading.av-1e77p-110d37a93a980e0090c388c801859a4d{\npadding-bottom:10px;\ncolor:#2e78b3;\n}\nbody .av-special-heading.av-1e77p-110d37a93a980e0090c388c801859a4d .av-special-heading-tag .heading-char{\nfont-size:25px;\n}\n.av-special-heading.av-1e77p-110d37a93a980e0090c388c801859a4d .special-heading-inner-border{\nborder-color:#2e78b3;\n}\n.av-special-heading.av-1e77p-110d37a93a980e0090c388c801859a4d .av-subheading{\nfont-size:15px;\n}\n<\/style>\n<div  class='av-special-heading av-1e77p-110d37a93a980e0090c388c801859a4d av-special-heading-h3 custom-color-heading  avia-builder-el-3  el_before_av_textblock  avia-builder-el-first '><h3 class='av-special-heading-tag '  itemprop=\"headline\"  > Privacy Policy &#8211; Note Legali <\/h3><div class=\"special-heading-border\"><div class=\"special-heading-inner-border\"><\/div><\/div><\/div><br \/>\n<section  class='av_textblock_section av-9ga45-db3260a037aa6ce3898d8e283a70b11c '   itemscope=\"itemscope\" itemtype=\"https:\/\/schema.org\/CreativeWork\" ><div class='avia_textblock'  itemprop=\"text\" ><p><strong>PRIVACY\u00a0<\/strong><br \/>\nQuesto sito RISPETTA LA NORMATIVA SUL TRATTAMENTO DEI DATI PERSONALI (Dlgs 196\/2003). I CONTENUTI E SERVIZI SONO EROGATI SOLO A COLORO CHE NE FANNO ESPLICITA RICHIESTA E CHE AUTORIZZANO AL TRATTAMENTO DEI PROPRI DATI PERSONALI. INFORMATIVA AI SENSI DELL\u2019ART. 13, DECRETO LEGISLATIVO 196\/2003<\/p>\n<p><strong>Raccolta delle informazioni e Registrazione ai servizi\u00a0<\/strong><br \/>\nTi informiamo che i dati personali che ci avrai fornito, volontariamente o automaticamente attraverso le interazioni con i servizi da noi proposti, all\u2019atto dell\u2019iscrizione ai nostri servizi, sul sito ufficiale, su siti web di societ\u00e0 partners o attraverso i nostri servizi editoriali, saranno trattati, con il tuo consenso, allo scopo di trasmetterti i servizi richiesti e creare profili di consumatori ed utenti in modo da migliorare i contenuti editoriali pubblicati. Iscrivendoti ad un qualsiasi servizio, ti verranno periodicamente inviate e-mail e\/o SMS di aggiornamento sulle novit\u00e0 e comunicazioni e\/o informazioni commerciali, promozionali e pubblicitarie riguardanti partners da noi selezionati. In coda a ciascuno di tali messaggi saranno sempre riportate le istruzioni che ti invitiamo a seguire qualora voglia chiederci di non ricevere pi\u00f9 quel servizio. Non raccogliamo in nessun caso i tuoi dati \u201csensibili\u201d (stato di salute, religione, etc.), n\u00e9 li comunichiamo a terzi o diffonde. Ti ricordiamo che la trasmissione dei tuoi dati personali avviene sempre sotto la tua responsabilit\u00e0. I servizi sono rivolti a maggiorenni. Le Newsletter \u00e8 gratis. All\u2019interno delle Newsletter cui ti iscriverai, potresti trovare uno o pi\u00f9 messaggi pubblicitari di nostri inserzionisti.<\/p>\n<p><strong>Cancellazione dai servizi e-mail\u00a0<\/strong><br \/>\nOgni messaggio da noi inviato su tua richiesta via e-mail contiene le istruzioni per cancellarti dal servizio in oggetto. Gli utenti che desiderano essere cancellati definitivamente dai nostri archivi eliminando la possibilit\u00e0 di iscriversi o essere iscritti da terzi in futuro, possono farne espressa richiesta inviando una e-mail all\u2019indirizzo\u00a0<a href=\"mailto:%3Cspan%20id=\">Questo indirizzo email \u00e8 protetto dagli spambots. \u00c8 necessario abilitare JavaScript per vederlo.&#8221;&gt;<\/a><span id=\"cloak17840\"><a href=\"mailto:info@micro-master.it\">info@micro-master.it<\/a><\/span><a href=\"mailto:%3Cspan%20id=\">Questo indirizzo email \u00e8 protetto dagli spambots. \u00c8 necessario abilitare JavaScript per vederlo.&#8221;&gt;<\/a>\u00a0con oggetto:\u00a0<strong>CANCELLAMI<\/strong>.<\/p>\n<p><strong>Consiglia ad un amico\u00a0<\/strong><br \/>\nSe vuoi segnalare i nostri servizi ad un amico ti informiamo che l\u2019indirizzo e-mail del tuo Amico sar\u00e0 trattato esclusivamente per le finalit\u00e0 a te note e con le stesse modalit\u00e0 sopra descritte: all\u2019amico sar\u00e0 inviato un messaggio personalizzato con il quale si chiede di confermare l\u2019effettiva volont\u00e0 di ricevere il servizio consigliato.<br \/>\nInformazioni addizionali<br \/>\nNel caso lo ritenessi opportuno, per problemi inerenti il trattamento dei dati personali, puoi rivolgerti al responsabile Trattamento dati e potrai reperire tutti gli indirizzi e dati necessari nella nostra home page. Per qualsiasi altra informazione puoi rivolgerti al nostro indirizzo.<\/p>\n<p><strong>Correzione\/Aggiornamento dei dati personali\u00a0<\/strong><br \/>\nAi sensi dell\u2019art. 7 del Dlgs 196\/2003, ti segnaliamo che hai i seguenti diritti: \u201cArt. 7. Diritto di accesso ai dati personali ed altri diritti\u201d A. L\u2019interessato ha diritto di ottenere la conferma dell\u2019esistenza o meno di dati personali che lo riguardano, anche se non ancora registrati, e la loro comunicazione in forma intelligibile.<br \/>\nB. L\u2019interessato ha diritto di ottenere l\u2019indicazione: 1.dell\u2019origine dei dati personali; 2.delle finalit\u00e0 e modalit\u00e0 del trattamento; 3.della logica applicata in caso di trattamento effettuato con l\u2019ausilio di strumenti elettronici; 4.degli estremi identificativi del titolare, dei responsabili e del rappresentante designato ai sensi dell\u2019articolo cinque, comma 2; 5.dei soggetti o delle categorie di soggetti ai quali i dati personali possono essere comunicati o che possono venirne a conoscenza in qualit\u00e0 di rappresentante designato nel territorio dello Stato, di responsabili o incaricati.<br \/>\nC. L\u2019interessato ha diritto di ottenere: 1.l\u2019aggiornamento, la rettificazione ovvero, quando vi ha interesse, l\u2019integrazione dei dati; 2.la cancellazione, la trasformazione in forma anonima o il blocco dei dati trattati in violazione di legge, compresi quelli di cui non \u00e8 necessaria la conservazione in relazione agli scopi per i quali i dati sono stati raccolti o successivamente trattati; 3.l\u2019attestazione che le operazioni di cui alle lettere a) e b) sono state portate a conoscenza, anche per quanto riguarda il loro contenuto, di coloro ai quali i dati sono stati comunicati o diffusi, eccettuato il caso in cui tale adempimento si rivela impossibile o comporta un impiego di mezzi manifestamente sproporzionato rispetto al diritto tutelato.<br \/>\nD. L\u2019interessato ha diritto di opporsi, in tutto o in parte: per motivi legittimi al trattamento dei dati personali che lo riguardano, ancorch\u00e9 pertinenti allo scopo della raccolta; al trattamento di dati personali che lo riguardano a fini di invio di materiale pubblicitario o di vendita diretta o per il compimento di ricerche di mercato o di comunicazione commerciale.<\/p>\n<p><strong>DISCIPLINA ART.1 COMMA III L. 62 del 7.03.2001<\/strong><br \/>\nQuesto sito non rappresenta una testata giornalistica, e viene aggiornato senza alcuna periodicit\u00e0, esclusivamente sulla base della disponibilit\u00e0 del materiale. Pertanto, non \u00e8 un prodotto editoriale sottoposto alla disciplina di cui all\u2019art.1, comma III della L. 62 del 7.03.2011.<\/p>\n<\/div><\/section><\/p><\/div>\n","protected":false},"excerpt":{"rendered":"","protected":false},"author":1,"featured_media":0,"parent":0,"menu_order":0,"comment_status":"closed","ping_status":"closed","template":"","meta":{"footnotes":""},"class_list":["post-234","page","type-page","status-publish","hentry"],"_links":{"self":[{"href":"https:\/\/micro-master.it\/en\/wp-json\/wp\/v2\/pages\/234","targetHints":{"allow":["GET"]}}],"collection":[{"href":"https:\/\/micro-master.it\/en\/wp-json\/wp\/v2\/pages"}],"about":[{"href":"https:\/\/micro-master.it\/en\/wp-json\/wp\/v2\/types\/page"}],"author":[{"embeddable":true,"href":"https:\/\/micro-master.it\/en\/wp-json\/wp\/v2\/users\/1"}],"replies":[{"embeddable":true,"href":"https:\/\/micro-master.it\/en\/wp-json\/wp\/v2\/comments?post=234"}],"version-history":[{"count":3,"href":"https:\/\/micro-master.it\/en\/wp-json\/wp\/v2\/pages\/234\/revisions"}],"predecessor-version":[{"id":532,"href":"https:\/\/micro-master.it\/en\/wp-json\/wp\/v2\/pages\/234\/revisions\/532"}],"wp:attachment":[{"href":"https:\/\/micro-master.it\/en\/wp-json\/wp\/v2\/media?parent=234"}],"curies":[{"name":"wp","href":"https:\/\/api.w.org\/{rel}","templated":true}]}}