{"id":233,"date":"2016-06-23T08:47:24","date_gmt":"2016-06-23T08:47:24","guid":{"rendered":"http:\/\/micro-master.it\/en\/informativa-estesa-sulluso-dei-cookies\/"},"modified":"2024-10-22T15:42:50","modified_gmt":"2024-10-22T13:42:50","slug":"informativa-estesa-sulluso-dei-cookies","status":"publish","type":"page","link":"https:\/\/micro-master.it\/en\/informativa-estesa-sulluso-dei-cookies\/","title":{"rendered":"Informativa estesa sull\u2019uso dei cookies"},"content":{"rendered":"\n<style type=\"text\/css\" data-created_by=\"avia_inline_auto\" id=\"style-css-av-rjh1d-fe2db3dfccfcd8d25b07bec45acc755f\">\n.avia-section.av-rjh1d-fe2db3dfccfcd8d25b07bec45acc755f{\nbackground-repeat:no-repeat;\nbackground-image:url(https:\/\/micro-master.it\/wp-content\/uploads\/2016\/06\/header2.png);\nbackground-position:0% 0%;\nbackground-attachment:scroll;\n}\n<\/style>\n<div id='av_section_1'  class='avia-section av-rjh1d-fe2db3dfccfcd8d25b07bec45acc755f main_color avia-section-no-padding avia-no-shadow  avia-builder-el-0  el_before_av_textblock  avia-builder-el-first  av-desktop-hide av-medium-hide av-small-hide av-mini-hide avia-bg-style-scroll av-minimum-height av-minimum-height-custom av-height-custom  container_wrap sidebar_left'  data-section-bg-repeat='no-repeat' data-av_minimum_height_px='316'><div class='container av-section-cont-open' style='height:316px'><main  role=\"main\" itemprop=\"mainContentOfPage\"  class='template-page content  av-content-small units'><div class='post-entry post-entry-type-page post-entry-233'><div class='entry-content-wrapper clearfix'><\/div><\/div><\/main><!-- close content main element --><\/div><\/div><div id='after_section_1'  class='main_color av_default_container_wrap container_wrap sidebar_left'  ><div class='container av-section-cont-open' ><div class='template-page content  av-content-small units'><div class='post-entry post-entry-type-page post-entry-233'><div class='entry-content-wrapper clearfix'>\n<section  class='av_textblock_section av-nsedt-64cad00fc6cd053c091c2eb76dbc4d15 '   itemscope=\"itemscope\" itemtype=\"https:\/\/schema.org\/CreativeWork\" ><div class='avia_textblock relative'  itemprop=\"text\" ><div class=\"bottoneoro\" style=\"text-align: center;\"><a href=\"https:\/\/micro-master.it\/en\/contacts\/\">Desidero essere contattato<br \/>\nda <strong>Micro Master<\/strong><\/a><\/div>\n<\/div><\/section>\n\n<style type=\"text\/css\" data-created_by=\"avia_inline_auto\" id=\"style-css-av-ektnl-de297eec6bef72b1fe11bd628c3dac14\">\n#top .av-special-heading.av-ektnl-de297eec6bef72b1fe11bd628c3dac14{\npadding-bottom:10px;\n}\nbody .av-special-heading.av-ektnl-de297eec6bef72b1fe11bd628c3dac14 .av-special-heading-tag .heading-char{\nfont-size:25px;\n}\n.av-special-heading.av-ektnl-de297eec6bef72b1fe11bd628c3dac14 .av-subheading{\nfont-size:15px;\n}\n<\/style>\n<div  class='av-special-heading av-ektnl-de297eec6bef72b1fe11bd628c3dac14 av-special-heading-h3  avia-builder-el-2  el_after_av_textblock  el_before_av_textblock '><h3 class='av-special-heading-tag '  itemprop=\"headline\"  >COSA SONO I COOKIES?<\/h3><div class=\"special-heading-border\"><div class=\"special-heading-inner-border\"><\/div><\/div><\/div>\n<section  class='av_textblock_section av-aadgx-10c614e56a15595c702b8bbda21729e3 '   itemscope=\"itemscope\" itemtype=\"https:\/\/schema.org\/CreativeWork\" ><div class='avia_textblock'  itemprop=\"text\" ><div class=\"page-content clearfix\">Al fine di rendere i propri servizi il pi\u00f9 possibile efficienti e semplici da utilizzare questo Sito fa uso di cookies. Pertanto, quando si visita il Sito, viene inserita una quantit\u00e0 minima di informazioni nel dispositivo dell\u2019Utente, come piccoli file di testo chiamati \u201ccookie\u201d, che vengono salvati nella directory del browser Web dell\u2019Utente. Esistono diversi tipi di cookie, ma sostanzialmente lo scopo principale di un cookie \u00e8 quello di far funzionare pi\u00f9 efficacemente il Sito e di abilitarne determinate funzionalit\u00e0.I cookie sono utilizzati per migliorare la navigazione globale dell\u2019Utente. In particolare:<br \/>\nConsentono di navigare in modo efficiente da una pagina all\u2019altra del sito Web.<br \/>\nMemorizzano il nome utente e le preferenze inserite.<br \/>\nConsentono di evitare di inserire le stesse informazioni (come nome utente e password) pi\u00f9 volte durante la visita.<br \/>\nMisurano l\u2019utilizzo dei servizi da parte degli Utenti, per ottimizzare l\u2019esperienza di navigazione e i servizi stessi.<br \/>\nPresentano informazioni pubblicitarie mirate in funzione degli interessi e del comportamento manifestato dall\u2019Utente durante la navigazione.Esistono vari tipi di cookie. Qui di seguito sono riportati i tipi cookie che possono essere utilizzati nel Sito con una descrizione della finalit\u00e0 legata all\u2019uso.<\/p>\n<p><strong>COOKIE TECNICI<\/strong><\/p>\n<p>I cookie di questo tipo sono necessari per il corretto funzionamento di alcune aree del sito. I cookie di questa categoria comprendono sia cookie persistenti che cookie di sessione. In assenza di tali cookie, il sito o alcune porzioni di esso potrebbero non funzionare correttamente. Pertanto, vengono sempre utilizzati, indipendentemente dalle preferenze dall\u2019utente. I cookie di questa categoria vengono sempre inviati dal nostro dominio.<\/p>\n<p><strong>COOKIE ANALITICI<\/strong><\/p>\n<p>I cookie di questo tipo vengono utilizzati per raccogliere informazioni sull\u2019utilizzo del sito. Il Titolare usa tali informazioni per analisi statistiche, per migliorare il sito e semplificarne l\u2019utilizzo, oltre che per monitorarne il corretto funzionamento. Questo tipo di cookie raccoglie informazioni in forma anonima sull\u2019attivit\u00e0 degli utenti nel sito e sul modo in cui sono arrivati al Sito e alle pagine visitate. I cookie di questa categoria vengono inviati dal Sito stesso o da domini di terze parti.<\/p>\n<p><strong>COOKIE DI RILEVAMENTO DI TERZE PARTI<\/strong><\/p>\n<p>I cookie di questo tipo vengono utilizzati per raccogliere informazioni sull\u2019utilizzo del sito Web da parte dei visitatori, le parole chiave usate per raggiungere il sito, i siti Web visitati e le origini del traffico da cui provengono i visitatori per le campagne di marketing. Il titolare pu\u00f2 utilizzare tali informazioni per compilare rapporti e migliorare il Sito. I cookie raccolgono informazioni in forma anonima. I cookie di questo tipo vengono inviati dal Sito stesso o da domini di terze parti.<\/p>\n<p><strong>COOKIE PER L\u2019INTEGRAZIONE DI FUNZIONALIT\u00c0 DI TERZE PARTI<\/strong><\/p>\n<p>I cookie di questo tipo vengono utilizzati per integrare funzionalit\u00e0 di terze parti nel Sito (ad esempio, moduli per i commenti o icone di social network che consentono ai visitatori di condividere il contenuto del sito). I cookie di questa categoria possono essere inviati dai domini dei siti partner o che comunque offrono le funzionalit\u00e0 presenti nel sito.<\/p>\n<p>Il Titolare non \u00e8 tenuto a richiedere il consenso dell\u2019utente per i cookie tecnici, poich\u00e9 questi sono strettamente necessari per la fornitura del servizio.<\/p>\n<p>Per le altre tipologie di cookie il consenso pu\u00f2 essere espresso dall\u2019Utente, conformemente alla normativa vigente, mediante specifiche configurazioni del browser e di programmi informatici o di dispositivi che siano di facile e chiara utilizzabilit\u00e0 per l\u2019Utente. Il Titolare ricorda all\u2019Utente che \u00e8 possibile modificare le preferenze relative ai cookie in qualsiasi momento. \u00c8 anche possibile disabilitare in qualsiasi momento i cookie dal browser , ma questa operazione potrebbe impedire all\u2019Utente di utilizzare alcune parti del Sito.<\/p>\n<p><strong>SITI WEB DI TERZE PARTI<\/strong><\/p>\n<p>Il sito contiene collegamenti ad altri siti Web che dispongono di una propria informativa sulla privacy. Queste informative sulla privacy possono essere diverse da quella adottata dal Titolare, che quindi non risponde per Siti di terze parti.<\/p>\n<p>Ai sensi dell\u2019art. 122 secondo comma del D.lgs. 196\/2003 il consenso all\u2019utilizzo di tali cookie \u00e8 espresso dall\u2019interessato mediante il settaggio individuale che ha scelto liberamente per il browser utilizzato per la navigazione nel sito, ferma restando la facolt\u00e0 dell\u2019utente di comunicare in ogni momento al Titolare del trattamento la propria volont\u00e0 in merito ad dati gestiti per il tramite dei cookie che il browser stesso abbia accettato.<\/p>\n<\/div>\n<hr align=\"left\" size=\"1\" width=\"100%\" \/>\n<p><strong>COOKIE UTILIZZATI DA QUESTO SITO<\/strong><\/p>\n<p>A seguire la lista di cookie tecnici e di analytics utilizzati da questo Sito:<\/p>\n<ul>\n<li>_ga \u2013 persistente \u2013 usato per distinguere gli utenti \u2013 necessario al servizio di terze parti Google Analytics. Dura 2 anni<\/li>\n<li>_gat \u2013 persistente \u2013 limita la raccolta di dati da siti molto trafficati \u2013 necessario al servizio di terze parti Google Analytics. Dura 10 minuti<\/li>\n<li>(\u00e8 possibile disabilitare i cookies precedenti cliccando qui: <a href=\"https:\/\/tools.google.com\/dlpage\/gaoptout?hl=it\">https:\/\/tools.google.com\/dlpage\/gaoptout?hl=it<\/a>)<\/li>\n<li>cc_cookies_accept \u2013 persistente \u2013 usato per ricordare la pressione del pulsante \u201cok\u201d nell\u2019informativa sui cookies. Dura 1 anno<\/li>\n<\/ul>\n<p>Tramite il presente sito sono messi a disposizione degli utenti alcuni servizi forniti da terzi, ad esempio il collegamento a servizi di social network. In particolare il sito presenta social plugin per Facebook, per Twitter, per LinkedIn e per Google+ e altri per fornire recensioni sui prodotti oppure per il servizio di Chat.<br \/>\nTali plugin non impostano un cookie, ma se esso \u00e8 gi\u00e0 presente sul computer del visitatore sono in grado di leggerlo ed utilizzarlo secondo le sue impostazioni. La raccolta e l\u2019uso delle informazioni da parte di tali terzi sono regolati dalle rispettive informative privacy.<br \/>\nPer ulteriori informazioni sull\u2019uso dei dati e sul loro trattamento da parte dei social network si raccomanda di prendere visione sui rispettivi siti.<\/p>\n<div><strong>Pulsante +1 e widget sociali di Google+ (Google Inc.)<\/strong><\/div>\n<div>Il pulsante +1 e i widget sociali di Google+ sono servizi di interazione con il social network Google+, forniti da Google Inc.<\/div>\n<div>Dati personali raccolti: Cookie e Dati di utilizzo.<\/div>\n<div>Leggi la relativa <a href=\"http:\/\/www.google.com\/intl\/it\/policies\/privacy\/\" target=\"_blank\" rel=\"noopener\">Privacy Policy<\/a><\/div>\n<div><strong>Pulsante e widget sociali di Linkedin (LinkedIn Corporation)<\/strong><\/div>\n<div>Il pulsante e i widget sociali di Linkedin sono servizi di interazione con il social network Linkedin, forniti da LinkedIn Corporation.<\/div>\n<div>Dati personali raccolti: Cookie e Dati di utilizzo.<\/div>\n<div>Leggi la relativa : <a href=\"https:\/\/www.linkedin.com\/legal\/privacy-policy\" target=\"_blank\" rel=\"noopener\">Privacy Policy<\/a><\/div>\n<div><strong>Pulsante Mi Piace e widget sociali di Facebook (Facebook, Inc.)<\/strong><\/div>\n<div>Il pulsante \u201cMi Piace\u201d e i widget sociali di Facebook sono servizi di interazione con il social network Facebook, forniti da Facebook, Inc.<\/div>\n<div>Dati personali raccolti: Cookie e Dati di utilizzo.<\/div>\n<div>Leggi la relativa : <a href=\"http:\/\/www.facebook.com\/privacy\/explanation.php\" target=\"_blank\" rel=\"noopener\">Privacy Policy<\/a><\/div>\n<div><strong>Pulsante Tweet e widget sociali di Twitter (Twitter, Inc.)<\/strong><\/div>\n<div>Il pulsante Tweet e i widget sociali di Twitter sono servizi di interazione con il social network Twitter, forniti da Twitter, Inc.<\/div>\n<div>Dati personali raccolti: Cookie e Dati di utilizzo.<\/div>\n<div>Leggi la relativa : <a href=\"http:\/\/twitter.com\/privacy\" target=\"_blank\" rel=\"noopener\">Privacy Policy<\/a><\/div>\n<h3>Come posso controllare l\u2019installazione di Cookie?<\/h3>\n<p>In aggiunta a quanto indicato in questo documento, l\u2019Utente pu\u00f2 gestire le preferenze relative ai Cookie direttamente all\u2019interno del proprio browser ed impedire \u2013 ad esempio \u2013 che terze parti possano installarne. Tramite le preferenze del browser \u00e8 inoltre possibile eliminare i Cookie installati in passato, incluso il Cookie in cui venga eventualmente salvato il consenso all\u2019installazione di Cookie da parte di questo sito. \u00c8 importante notare che disabilitando tutti i Cookie, il funzionamento di questo sito potrebbe essere compromesso. L\u2019Utente pu\u00f2 trovare informazioni su come gestire i Cookie nel suo browser ai seguenti indirizzi: <a href=\"https:\/\/support.google.com\/chrome\/answer\/95647?hl=it&amp;p=cpn_cookies\" target=\"_blank\" rel=\"noopener\">Google Chrome<\/a>, <a href=\"https:\/\/support.mozilla.org\/it\/kb\/Attivare%20e%20disattivare%20i%20cookie?redirectlocale=en-US&amp;redirectslug=Enabling+and+disabling+cookies\" target=\"_blank\" rel=\"noopener\">Mozilla Firefox<\/a>, <a href=\"https:\/\/support.apple.com\/kb\/PH19214?viewlocale=it_IT&amp;locale=en_US\" target=\"_blank\" rel=\"noopener\">Apple Safari<\/a> and <a href=\"http:\/\/windows.microsoft.com\/it-it\/windows-vista\/block-or-allow-cookies\" target=\"_blank\" rel=\"noopener\">Microsoft Windows Explorer<\/a>. In caso di servizi erogati da terze parti, l\u2019Utente pu\u00f2 inoltre esercitare il proprio diritto ad opporsi al tracciamento informandosi tramite la privacy policy della terza parte, tramite il link se esplicitamente fornito o contattando direttamente la stessa.<\/p>\n<h3>Come disattivarli<\/h3>\n<div>Ogni utente pu\u00f2 comunque impostare il proprio browser in modo da ricevere un avvertimento della presenza di un cookie e decidere se accettarlo o rifiutarlo. \u00c8 possibile anche rifiutare automaticamente la ricezione dei cookie attivando l\u2019apposita opzione del browser. Nel precisare che la disabilitazione totale o parziale dei cookie potrebbe compromettere l\u2019utilizzo delle funzionalit\u00e0 del sito si informa che a tal fine \u00e8 in ogni momento possibile modificare le impostazioni di sicurezza del proprio browser seguendo il seguente percorso:<\/div>\n<div>\n<p><strong>Firefox<\/strong>:<\/p>\n<\/div>\n<ul>\n<li>Apri Firefox<\/li>\n<li>Premi il pulsante \u201cAlt\u201d sulla tastiera<\/li>\n<li>Nella barra degli strumenti situata nella parte superiore del browser, seleziona \u201cStrumenti\u201d e successivamente \u201cOpzioni\u201d<\/li>\n<li>Seleziona quindi la scheda \u201cPrivacy\u201d<\/li>\n<li>Vai su \u201cImpostazioni Cronologia\u201d: e successivamente su \u201cUtilizza impostazioni personalizzate\u201d. Deseleziona \u201cAccetta i cookie dai siti\u201d e salva le preferenze.<\/li>\n<\/ul>\n<div><a href=\"https:\/\/support.mozilla.org\/it\/kb\/Gestione%20dei%20cookie\" target=\"_blank\" rel=\"noopener\">https:\/\/support.mozilla.org\/it\/kb\/Gestione%20dei%20cookie<\/a><\/div>\n<div>\n<p><strong>Internet Explorer<\/strong>:<\/p>\n<\/div>\n<ul>\n<li>Apri Internet Explorer<\/li>\n<li>Clicca sul pulsante \u201cStrumenti\u201d e quindi su \u201cOpzioni Internet\u201d<\/li>\n<li>Seleziona la scheda \u201cPrivacy\u201d e sposta il dispositivo di scorrimento sul livello di privacy che desideri impostare (verso l\u2019alto per bloccare tutti i cookies o verso il basso per consentirli tutti)<\/li>\n<li>Quindi clicca su OK<\/li>\n<\/ul>\n<div><a href=\"http:\/\/windows.microsoft.com\/it-it\/windows7\/how-to-manage-cookies-in-internet-explorer-9\" target=\"_blank\" rel=\"noopener\">http:\/\/windows.microsoft.com\/it-it\/windows7\/how-to-manage-cookies-in-internet-explorer-9<\/a><\/div>\n<div>\n<p><strong>Google Chrome<\/strong>:<\/p>\n<\/div>\n<ul>\n<li>Apri Google Chrome<\/li>\n<li>Clicca sull\u2019icona \u201cStrumenti\u201d<\/li>\n<li>Seleziona \u201cImpostazioni\u201d e successivamente \u201cImpostazioni avanzate\u201d<\/li>\n<li>Seleziona \u201cImpostazioni dei contenuti\u201d sotto la voce \u201cPrivacy\u201d<\/li>\n<li>Nella scheda \u201cCookies\u201d \u00e8 possibile deselezionare i cookies e salvare le preferenze<\/li>\n<\/ul>\n<div><a href=\"https:\/\/support.google.com\/chrome\/answer\/95647?hl=it\" target=\"_blank\" rel=\"noopener\">https:\/\/support.google.com\/chrome\/answer\/95647?hl=it<\/a><\/div>\n<div>\n<p><strong>Safari<\/strong>:<\/p>\n<\/div>\n<ul>\n<li>Apri Safari<\/li>\n<li>Scegli \u201cPreferenze\u201d nella barra degli strumenti, quindi seleziona il pannello \u201cSicurezza\u201d nella finestra di dialogo che segue<\/li>\n<li>Nella sezione \u201cAccetta cookie\u201d \u00e8 possibile specificare se e quando Safari deve salvare i cookies dai siti web. Per ulteriori informazioni clicca sul pulsante di Aiuto (contrassegnato da un punto interrogativo)<\/li>\n<li>Per maggiori informazioni sui cookies che vengono memorizzati sul vostro computer, clicca su \u201cMostra cookie\u201d<\/li>\n<\/ul>\n<div><a href=\"http:\/\/support.apple.com\/kb\/HT1677?viewlocale=it_IT\" target=\"_blank\" rel=\"noopener\">http:\/\/support.apple.com\/kb\/HT1677?viewlocale=it_IT<\/a><\/div>\n<div><\/div>\n<div><b>Opera:<\/b><\/div>\n<div><a href=\"http:\/\/help.opera.com\/Windows\/10.00\/it\/cookies.html\" target=\"_blank\" rel=\"noopener\">http:\/\/help.opera.com\/Windows\/10.00\/it\/cookies.html<\/a><\/div>\n<div><\/div>\n<div><strong>FACOLTATIVIT\u00c0 DEL CONFERIMENTO DEI DATI<\/strong><\/div>\n<div>\n<div>A parte quanto specificato per i dati di navigazione, l\u2019utente \u00e8 libero di fornire i dati personali per fruire delle funzionalit\u00e0 e dei servizi resi disponibili nel sito. Il loro mancato conferimento pu\u00f2 comportare l\u2019impossibilit\u00e0 di ottenere quanto richiesto.<\/div>\n<div><\/div>\n<\/div>\n<p><em>In caso di servizi erogati da terze parti, l\u2019Utente pu\u00f2 inoltre esercitare il proprio diritto ad opporsi al tracciamento informandosi tramite la privacy policy della terza parte, tramite il link di opt out se esplicitamente fornito o contattando direttamente la stessa.<\/em><\/p>\n<\/div><\/section>\n","protected":false},"excerpt":{"rendered":"","protected":false},"author":1,"featured_media":0,"parent":0,"menu_order":0,"comment_status":"closed","ping_status":"closed","template":"","meta":{"footnotes":""},"class_list":["post-233","page","type-page","status-publish","hentry"],"_links":{"self":[{"href":"https:\/\/micro-master.it\/en\/wp-json\/wp\/v2\/pages\/233","targetHints":{"allow":["GET"]}}],"collection":[{"href":"https:\/\/micro-master.it\/en\/wp-json\/wp\/v2\/pages"}],"about":[{"href":"https:\/\/micro-master.it\/en\/wp-json\/wp\/v2\/types\/page"}],"author":[{"embeddable":true,"href":"https:\/\/micro-master.it\/en\/wp-json\/wp\/v2\/users\/1"}],"replies":[{"embeddable":true,"href":"https:\/\/micro-master.it\/en\/wp-json\/wp\/v2\/comments?post=233"}],"version-history":[{"count":3,"href":"https:\/\/micro-master.it\/en\/wp-json\/wp\/v2\/pages\/233\/revisions"}],"predecessor-version":[{"id":535,"href":"https:\/\/micro-master.it\/en\/wp-json\/wp\/v2\/pages\/233\/revisions\/535"}],"wp:attachment":[{"href":"https:\/\/micro-master.it\/en\/wp-json\/wp\/v2\/media?parent=233"}],"curies":[{"name":"wp","href":"https:\/\/api.w.org\/{rel}","templated":true}]}}